{"id":9415,"date":"2018-09-11T13:11:53","date_gmt":"2018-09-11T13:11:53","guid":{"rendered":"https:\/\/enscat-dev.pefc.cat\/politica-de-cookies\/"},"modified":"2022-04-01T13:19:44","modified_gmt":"2022-04-01T11:19:44","slug":"politica-de-cookies","status":"publish","type":"page","link":"https:\/\/enscat.org\/es\/politica-de-cookies\/","title":{"rendered":"Pol\u00edtica de Cookies"},"content":{"rendered":"<div class=\"wpb-content-wrapper\"><p>[vc_row][vc_column][vc_column_text]Le damos la bienvenida a la Pol\u00edtica de cookies de ENSCAT<\/p>\n<p>El objetivo de esta Pol\u00edtica es que, como usuario de los servicios de ENSCAT usted disponga de informaci\u00f3n clara y accesible sobre las cookies que utilizamos, las finalidades de su uso y las opciones que tiene para configurar las mismas.<\/p>\n<p>En cualquier momento podemos modificar cualquier contenido incluido en la presente Pol\u00edtica de cookies, por lo que le aconsejamos que la revise peri\u00f3dicamente para estar debidamente informado de los cambios realizados.<\/p>\n<p>&nbsp;<\/p>\n<h3><strong>\u00bfQu\u00e9 son las cookies?<\/strong><\/h3>\n<p>Una\u00a0cookie\u00a0es un peque\u00f1o fichero de texto que se almacena en su navegador cuando visita casi cualquier p\u00e1gina web. Su utilidad es que la web sea capaz de recordar su visita cuando vuelva a navegar por esa p\u00e1gina.<\/p>\n<p>Las\u00a0cookies\u00a0suelen almacenar informaci\u00f3n de car\u00e1cter t\u00e9cnico, preferencias personales, personalizaci\u00f3n de contenidos, estad\u00edsticas de uso, enlaces a redes sociales, acceso a cuentas de usuario, etc. El objetivo de la\u00a0cookie\u00a0es adaptar el contenido de la web a su perfil y necesidades, sin\u00a0cookies\u00a0los servicios ofrecidos por cualquier p\u00e1gina se ver\u00edan mermados notablemente.<\/p>\n<p>&nbsp;<\/p>\n<h3><strong>\u00a0<\/strong><strong>Cookies utilizadas en este sitio web<\/strong><\/h3>\n<p>Siguiendo las directrices de la Agencia Espa\u00f1ola de Protecci\u00f3n de Datos procedemos a detallar el uso de\u00a0cookies\u00a0que hace esta web con el fin de informarle con la m\u00e1xima exactitud posible.<\/p>\n<p>Este sitio web utiliza las siguientes\u00a0cookies propias:<\/p>\n<ul>\n<li>Cookies de sesi\u00f3n, para garantizar que los usuarios que escriban comentarios en el blog sean humanos y no aplicaciones automatizadas. De esta forma se combate el\u00a0spam.<\/li>\n<\/ul>\n<p>&nbsp;<\/p>\n<p>Este sitio web utiliza las siguientes\u00a0cookies de terceros:<\/p>\n<ul>\n<li>Google Analytics: Almacena\u00a0cookies para poder elaborar estad\u00edsticas sobre el tr\u00e1fico y volumen de visitas de esta web. Al utilizar este sitio web est\u00e1 consintiendo el tratamiento de informaci\u00f3n acerca de usted por Google. Por tanto, el ejercicio de cualquier derecho en este sentido deber\u00e1 hacerlo comunicando directamente con Google.<\/li>\n<li>Redes sociales: Cada red social utiliza sus propias\u00a0cookiespara que usted pueda pinchar en botones del tipo\u00a0Me gusta\u00a0o\u00a0Compartir.<\/li>\n<li data-leveltext=\"\uf0b7\" data-font=\"Symbol\" data-listid=\"4\" aria-setsize=\"-1\" data-aria-posinset=\"1\" data-aria-level=\"1\">Visual Composer: Utilizamos Visual Composer para el dise\u00f1o del sitio web. Estos datos no son compartidos con terceros.<\/li>\n<li data-leveltext=\"\uf0b7\" data-font=\"Symbol\" data-listid=\"4\" aria-setsize=\"-1\" data-aria-posinset=\"1\" data-aria-level=\"1\">WordPress: Utilizamos WordPress para el desarrollo del sitio web. Estos datos no son compartidos con terceros.<\/li>\n<li data-leveltext=\"\uf0b7\" data-font=\"Symbol\" data-listid=\"4\" aria-setsize=\"-1\" data-aria-posinset=\"1\" data-aria-level=\"1\">WPML: Utilizamos WPML para la gesti\u00f3n de idiomas del sitio web. Estos datos no son compartidos con terceros.<\/li>\n<li data-leveltext=\"\uf0b7\" data-font=\"Symbol\" data-listid=\"4\" aria-setsize=\"-1\" data-aria-posinset=\"1\" data-aria-level=\"1\">Litespeed: Utilizamos Litespeed para optimizaciones t\u00e9cnicas del sitio web. Estos datos no son compartidos con terceros.<\/li>\n<\/ul>\n<p><strong>\u00a0<\/strong><\/p>\n<h3><strong>\u00bfC\u00f3mo las puedo gestionar o deshabilitar?<\/strong><\/h3>\n<p>Usted puede permitir, bloquear o desactivar las cookies instaladas en su equipo mediante la configuraci\u00f3n del navegador web de su ordenador o su dispositivo m\u00f3vil a trav\u00e9s del cual acceda a nuestros servicios.<\/p>\n<p>La configuraci\u00f3n de los navegadores de Internet suele estar programada por defecto para aceptar cookies, pero pueden desactivarse f\u00e1cilmente cambiando la configuraci\u00f3n de dicho navegador.<\/p>\n<p>Muchas cookies se utilizan para mejorar la usabilidad o funcionalidad de los sitios web, por lo tanto, si usted decide desactivar las cookies, es posible que algunas funcionalidades de la P\u00e1gina Web no funcionen correctamente o su calidad puede verse afectada. Como alternativa, si el Usuario no desea que se recopilen los datos conforme a lo descrito en la presente cl\u00e1usula, deber\u00e1 dejar de utilizar los Servicios.<\/p>\n<p>A continuaci\u00f3n, se ofrece al usuario algunos links con las instrucciones a seguir para borrar, habilitar y administrar las cookies, seg\u00fan el navegador que utilice:<\/p>\n<ul>\n<li><a href=\"https:\/\/support.google.com\/chrome\/answer\/95647?hl=es\">Google Chrome<\/a><\/li>\n<li><a href=\"https:\/\/support.microsoft.com\/es-es\/products\/windows?os=windows-10\">Microsoft Internet Explorer<\/a><\/li>\n<li><a href=\"https:\/\/support.mozilla.org\/es\/kb\/habilitar-y-deshabilitar-cookies-sitios-web-rastrear-preferencias\">Mozilla Firefox<\/a><\/li>\n<li><a href=\"https:\/\/support.apple.com\/es-es\/HT201265\">Safari (Apple)<\/a><\/li>\n<\/ul>\n<p>[\/vc_column_text][\/vc_column][\/vc_row]<\/p>\n<\/div>","protected":false},"excerpt":{"rendered":"<p>[vc_row][vc_column][vc_column_text]Le damos la bienvenida a la Pol\u00edtica de cookies de ENSCAT El objetivo de esta [&hellip;]<\/p>\n","protected":false},"author":1,"featured_media":0,"parent":0,"menu_order":0,"comment_status":"closed","ping_status":"closed","template":"","meta":{"_acf_changed":false,"footnotes":""},"class_list":["post-9415","page","type-page","status-publish","hentry"],"acf":[],"yoast_head":"<!-- This site is optimized with the Yoast SEO plugin v27.1.1 - https:\/\/yoast.com\/product\/yoast-seo-wordpress\/ -->\n<title>Pol\u00edtica de Cookies - ENSCAT<\/title>\n<meta name=\"description\" content=\"Consulta aqu\u00ed la pol\u00edtica de Cookies de ENSCAT (enscat.org)\" \/>\n<meta name=\"robots\" content=\"index, follow, max-snippet:-1, max-image-preview:large, max-video-preview:-1\" \/>\n<link rel=\"canonical\" href=\"https:\/\/enscat.org\/es\/politica-de-cookies\/\" \/>\n<meta property=\"og:locale\" content=\"es_ES\" \/>\n<meta property=\"og:type\" content=\"article\" \/>\n<meta property=\"og:title\" content=\"Pol\u00edtica de Cookies - ENSCAT\" \/>\n<meta property=\"og:description\" content=\"Consulta aqu\u00ed la pol\u00edtica de Cookies de ENSCAT (enscat.org)\" \/>\n<meta property=\"og:url\" content=\"https:\/\/enscat.org\/es\/politica-de-cookies\/\" \/>\n<meta property=\"og:site_name\" content=\"ENSCAT\" \/>\n<meta property=\"article:modified_time\" content=\"2022-04-01T11:19:44+00:00\" \/>\n<meta name=\"twitter:card\" content=\"summary_large_image\" \/>\n<script type=\"application\/ld+json\" class=\"yoast-schema-graph\">{\"@context\":\"https:\/\/schema.org\",\"@graph\":[{\"@type\":\"WebPage\",\"@id\":\"https:\/\/enscat.org\/es\/politica-de-cookies\/\",\"url\":\"https:\/\/enscat.org\/es\/politica-de-cookies\/\",\"name\":\"Pol\u00edtica de Cookies - ENSCAT\",\"isPartOf\":{\"@id\":\"https:\/\/enscat.org\/es\/#website\"},\"datePublished\":\"2018-09-11T13:11:53+00:00\",\"dateModified\":\"2022-04-01T11:19:44+00:00\",\"description\":\"Consulta aqu\u00ed la pol\u00edtica de Cookies de ENSCAT (enscat.org)\",\"breadcrumb\":{\"@id\":\"https:\/\/enscat.org\/es\/politica-de-cookies\/#breadcrumb\"},\"inLanguage\":\"es\",\"potentialAction\":[{\"@type\":\"ReadAction\",\"target\":[\"https:\/\/enscat.org\/es\/politica-de-cookies\/\"]}]},{\"@type\":\"BreadcrumbList\",\"@id\":\"https:\/\/enscat.org\/es\/politica-de-cookies\/#breadcrumb\",\"itemListElement\":[{\"@type\":\"ListItem\",\"position\":1,\"name\":\"Portada\",\"item\":\"https:\/\/enscat.org\/es\/inicio\/\"},{\"@type\":\"ListItem\",\"position\":2,\"name\":\"Pol\u00edtica de Cookies\"}]},{\"@type\":\"WebSite\",\"@id\":\"https:\/\/enscat.org\/es\/#website\",\"url\":\"https:\/\/enscat.org\/es\/\",\"name\":\"ENSCAT\",\"description\":\"Ens Catal\u00e0 Sol\u00b7licitant de la Certificaci\u00f3 Forestal\",\"publisher\":{\"@id\":\"https:\/\/enscat.org\/es\/#organization\"},\"potentialAction\":[{\"@type\":\"SearchAction\",\"target\":{\"@type\":\"EntryPoint\",\"urlTemplate\":\"https:\/\/enscat.org\/es\/?s={search_term_string}\"},\"query-input\":{\"@type\":\"PropertyValueSpecification\",\"valueRequired\":true,\"valueName\":\"search_term_string\"}}],\"inLanguage\":\"es\"},{\"@type\":\"Organization\",\"@id\":\"https:\/\/enscat.org\/es\/#organization\",\"name\":\"Ens Catl\u00e0 Sol\u00b7licitant de la Certificaci\u00f3 Forestal\",\"url\":\"https:\/\/enscat.org\/es\/\",\"logo\":{\"@type\":\"ImageObject\",\"inLanguage\":\"es\",\"@id\":\"https:\/\/enscat.org\/es\/#\/schema\/logo\/image\/\",\"url\":\"https:\/\/enscat.org\/wp-content\/uploads\/2022\/01\/LogoENSCAT-color.svg\",\"contentUrl\":\"https:\/\/enscat.org\/wp-content\/uploads\/2022\/01\/LogoENSCAT-color.svg\",\"width\":\"1024\",\"height\":\"1024\",\"caption\":\"Ens Catl\u00e0 Sol\u00b7licitant de la Certificaci\u00f3 Forestal\"},\"image\":{\"@id\":\"https:\/\/enscat.org\/es\/#\/schema\/logo\/image\/\"}}]}<\/script>\n<!-- \/ Yoast SEO plugin. -->","yoast_head_json":{"title":"Pol\u00edtica de Cookies - ENSCAT","description":"Consulta aqu\u00ed la pol\u00edtica de Cookies de ENSCAT (enscat.org)","robots":{"index":"index","follow":"follow","max-snippet":"max-snippet:-1","max-image-preview":"max-image-preview:large","max-video-preview":"max-video-preview:-1"},"canonical":"https:\/\/enscat.org\/es\/politica-de-cookies\/","og_locale":"es_ES","og_type":"article","og_title":"Pol\u00edtica de Cookies - ENSCAT","og_description":"Consulta aqu\u00ed la pol\u00edtica de Cookies de ENSCAT (enscat.org)","og_url":"https:\/\/enscat.org\/es\/politica-de-cookies\/","og_site_name":"ENSCAT","article_modified_time":"2022-04-01T11:19:44+00:00","twitter_card":"summary_large_image","schema":{"@context":"https:\/\/schema.org","@graph":[{"@type":"WebPage","@id":"https:\/\/enscat.org\/es\/politica-de-cookies\/","url":"https:\/\/enscat.org\/es\/politica-de-cookies\/","name":"Pol\u00edtica de Cookies - ENSCAT","isPartOf":{"@id":"https:\/\/enscat.org\/es\/#website"},"datePublished":"2018-09-11T13:11:53+00:00","dateModified":"2022-04-01T11:19:44+00:00","description":"Consulta aqu\u00ed la pol\u00edtica de Cookies de ENSCAT (enscat.org)","breadcrumb":{"@id":"https:\/\/enscat.org\/es\/politica-de-cookies\/#breadcrumb"},"inLanguage":"es","potentialAction":[{"@type":"ReadAction","target":["https:\/\/enscat.org\/es\/politica-de-cookies\/"]}]},{"@type":"BreadcrumbList","@id":"https:\/\/enscat.org\/es\/politica-de-cookies\/#breadcrumb","itemListElement":[{"@type":"ListItem","position":1,"name":"Portada","item":"https:\/\/enscat.org\/es\/inicio\/"},{"@type":"ListItem","position":2,"name":"Pol\u00edtica de Cookies"}]},{"@type":"WebSite","@id":"https:\/\/enscat.org\/es\/#website","url":"https:\/\/enscat.org\/es\/","name":"ENSCAT","description":"Ens Catal\u00e0 Sol\u00b7licitant de la Certificaci\u00f3 Forestal","publisher":{"@id":"https:\/\/enscat.org\/es\/#organization"},"potentialAction":[{"@type":"SearchAction","target":{"@type":"EntryPoint","urlTemplate":"https:\/\/enscat.org\/es\/?s={search_term_string}"},"query-input":{"@type":"PropertyValueSpecification","valueRequired":true,"valueName":"search_term_string"}}],"inLanguage":"es"},{"@type":"Organization","@id":"https:\/\/enscat.org\/es\/#organization","name":"Ens Catl\u00e0 Sol\u00b7licitant de la Certificaci\u00f3 Forestal","url":"https:\/\/enscat.org\/es\/","logo":{"@type":"ImageObject","inLanguage":"es","@id":"https:\/\/enscat.org\/es\/#\/schema\/logo\/image\/","url":"https:\/\/enscat.org\/wp-content\/uploads\/2022\/01\/LogoENSCAT-color.svg","contentUrl":"https:\/\/enscat.org\/wp-content\/uploads\/2022\/01\/LogoENSCAT-color.svg","width":"1024","height":"1024","caption":"Ens Catl\u00e0 Sol\u00b7licitant de la Certificaci\u00f3 Forestal"},"image":{"@id":"https:\/\/enscat.org\/es\/#\/schema\/logo\/image\/"}}]}},"_links":{"self":[{"href":"https:\/\/enscat.org\/es\/wp-json\/wp\/v2\/pages\/9415","targetHints":{"allow":["GET"]}}],"collection":[{"href":"https:\/\/enscat.org\/es\/wp-json\/wp\/v2\/pages"}],"about":[{"href":"https:\/\/enscat.org\/es\/wp-json\/wp\/v2\/types\/page"}],"author":[{"embeddable":true,"href":"https:\/\/enscat.org\/es\/wp-json\/wp\/v2\/users\/1"}],"replies":[{"embeddable":true,"href":"https:\/\/enscat.org\/es\/wp-json\/wp\/v2\/comments?post=9415"}],"version-history":[{"count":0,"href":"https:\/\/enscat.org\/es\/wp-json\/wp\/v2\/pages\/9415\/revisions"}],"wp:attachment":[{"href":"https:\/\/enscat.org\/es\/wp-json\/wp\/v2\/media?parent=9415"}],"curies":[{"name":"wp","href":"https:\/\/api.w.org\/{rel}","templated":true}]}}