{"id":9410,"date":"2022-01-19T17:36:23","date_gmt":"2022-01-19T16:36:23","guid":{"rendered":"https:\/\/enscat-dev.pefc.cat\/documents\/"},"modified":"2023-06-13T13:41:03","modified_gmt":"2023-06-13T11:41:03","slug":"documentos","status":"publish","type":"page","link":"https:\/\/enscat.org\/es\/documentos\/","title":{"rendered":"Documentos"},"content":{"rendered":"<div class=\"wpb-content-wrapper\"><p>[vc_row css=&#8221;.vc_custom_1686364213975{margin-bottom: 50px !important;}&#8221;][vc_column][vc_column_text]<div class=\"w3eden\">\r\n    <div id=\"wpdmlogin\" >\r\n                    <div class=\"text-center wpdmlogin-logo\">\r\n                <a href=\"https:\/\/enscat.org\/es\/\"><img decoding=\"async\" alt=\"Logo\" src=\"https:\/\/enscat.org\/wp-content\/uploads\/2022\/03\/logo-enscat-cuadrado.png\" \/><\/a>\r\n            <\/div>\r\n        \r\n\r\n\r\n\r\n\r\n\r\n        \r\n\r\n        <form name=\"loginform\" id=\"loginform\" action=\"\" method=\"post\" class=\"login-form\" >\r\n\r\n            <input type=\"hidden\" name=\"permalink\" value=\"https:\/\/enscat.org\/es\/documentos\/\" \/>\r\n\r\n            <div id=\"__signin_msg\"><\/div>\r\n\r\n\r\n            \r\n            <input type='hidden' name='__phash' id='__phash' value='uyBTHPBhh8ZC9hCbFaWqUo4OI-v6WUof1Xi9PhDJSaKVqJBfkFvvKcSL-k4c8HWuG49tQkNgaDH4aG0xYgLXDfg2y5kqq2UYNBmfvKQqpciXB1RSl20L5AlN5Fqdgsi7e129T-UopUzr1U8TN7NwaoeEYKVKIl0WjsqkYGEzzlqJdKbFJQQiSfCpoYvot6hPNcXaEOOcYAuuYTNfitk2dB6WUK2OWFXiQq0t_laY9_PGUl4xsvftmsUlt6vpDubNj2clNnstnF7OJAGTVGE-96uQYWUbfSqbez14MVCuZKF4nUqFVNNzATnAwNVLk2g2glfcijEBrEaLdzXzjibbJsj7NceefFxHEpJSMHM3rC8gHGtKBqODAvh8PdIywXnwO3PoAELsvzMxuFkR6LsuD-k57Vj2YaII3G-2tAld0TsCld4WukAHJZR-r-0KZ4olLXtTN2XF9qZgZTBoF3pxJHPQFbderVCR5D48yYu955c'  \/><div class='form-group ' id='row_log'><div class='input-wrapper text-input-wrapper' id='row_log_wrapper'><label form='log'>Correo electr\u00f3nico<\/label><input type='text' name='wpdm_login[log]' id='user_login' required='required' placeholder='Correo Electr\u00f3nico' class='form-control'  \/><\/div><\/div><div class='form-group ' id='row_password'><div class='input-wrapper password-input-wrapper' id='row_password_wrapper'><label form='password'>Contrase\u00f1a<\/label><input type='password' name='wpdm_login[pwd]' id='password' required='required' placeholder='Introducir la contrase\u00f1a' strength='0' class='form-control'  \/><\/div><\/div>\r\n\r\n            \r\n                        \r\n            <div class=\"row login-form-meta-text text-muted mb-3\" style=\"font-size: 10px\">\r\n                <div class=\"col-md-5\"><label><input class=\"wpdm-checkbox\" name=\"rememberme\" type=\"checkbox\" id=\"rememberme\" value=\"forever\" \/>Recu\u00e9rdame<\/label><\/div>\r\n                <div class=\"col-md-7 text-right\"><a class=\"color-blue\" href=\"https:\/\/enscat.org\/area-privada-adscrits\/?action=lostpassword\">\u00bfSe te olvid\u00f3 tu contrase\u00f1a?<\/a><\/div>\r\n            <\/div>\r\n\r\n            <div class=\"row\">\r\n                <div class=\"col-md-12\"><button type=\"submit\" name=\"wp-submit\" id=\"loginform-submit\" class=\"btn btn-block btn-primary btn-lg\"><i class=\"fas fa-user-shield\"><\/i> &nbsp;Acceder<\/button><\/div>\r\n                            <\/div>\r\n\r\n            <div class=\"row\">\r\n                            <\/div>\r\n\r\n\r\n            <input type=\"hidden\" name=\"redirect_to\" value=\"\/es\/wp-json\/wp\/v2\/pages\/9410\" \/>\r\n\r\n\r\n\r\n        <\/form>\r\n\r\n\r\n\r\n        \r\n    <\/div>\r\n\r\n\r\n<\/div>\r\n<script>\r\n    jQuery(function ($) {\r\n                var llbl = $('#loginform-submit').html();\r\n        $('#loginform').submit(function () {\r\n            $('#loginform-submit').html(WPDM.html(\"i\", \"\", \"fa fa-spin fa-sync\")+\" Accediendo...\").attr('disabled', 'disabled');\r\n            WPDM.blockUI('#loginform');\r\n            $(this).ajaxSubmit({\r\n                error: async function(error) {\r\n                    WPDM.unblockUI('#loginform');\r\n                    console.log(error);\r\n                    if(typeof error.responseJSON !== 'undefined') {\r\n                    $('#loginform').prepend(WPDM.html(\"div\", error.responseJSON.messages, \"alert alert-danger\"));\r\n                    $('#loginform-submit').html(llbl).removeAttr('disabled');\r\n                                        } else {\r\n                        setTimeout(function () {\r\n                            location.href = \"\/es\/wp-json\/wp\/v2\/pages\/9410\";\r\n                        }, 1000);\r\n                    }\r\n                },\r\n                success: async function (res) {\r\n                    WPDM.unblockUI('#loginform');\r\n                    if (!res.success) {\r\n                        $('form .alert-danger').hide();\r\n                        $('#loginform').prepend(WPDM.html(\"div\", res.message, \"alert alert-danger\"));\r\n                        $('#loginform-submit').html(llbl).removeAttr('disabled');\r\n                                            } else {\r\n                        let proceed = await WPDM.doAction(\"wpdm_user_login\", res);\r\n                        $('#loginform-submit').html(WPDM.html(\"i\", \"\", \"fa fa-sun fa-spider\") + \" \" + res.message);\r\n                        setTimeout(function () {\r\n                            location.href = \"\/es\/wp-json\/wp\/v2\/pages\/9410\";\r\n                        }, 1000);\r\n                    }\r\n                }\r\n            });\r\n            return false;\r\n        });\r\n                $('body').on('click', 'form .alert-danger', function(){\r\n            $(this).slideUp();\r\n        });\r\n\r\n    });\r\n<\/script>\r\n[\/vc_column_text][\/vc_column][\/vc_row]<\/p>\n<\/div>","protected":false},"excerpt":{"rendered":"<p>[vc_row css=&#8221;.vc_custom_1686364213975{margin-bottom: 50px !important;}&#8221;][vc_column][vc_column_text][\/vc_column_text][\/vc_column][\/vc_row]<\/p>\n","protected":false},"author":1,"featured_media":9375,"parent":0,"menu_order":0,"comment_status":"closed","ping_status":"closed","template":"","meta":{"_acf_changed":false,"footnotes":""},"class_list":["post-9410","page","type-page","status-publish","has-post-thumbnail","hentry"],"acf":[],"yoast_head":"<!-- This site is optimized with the Yoast SEO plugin v27.3 - https:\/\/yoast.com\/product\/yoast-seo-wordpress\/ -->\n<title>Documentos - ENSCAT<\/title>\n<meta name=\"description\" content=\"Asociaci\u00f3n que promueve la Certificaci\u00f3n Forestal PEFC en fincas privadas y p\u00fablicas de los bosques de Catalu\u00f1a en al \u00e1mbito de Gesti\u00f3n Forestal Sostenible.\" \/>\n<meta name=\"robots\" content=\"index, follow, max-snippet:-1, max-image-preview:large, max-video-preview:-1\" \/>\n<link rel=\"canonical\" href=\"https:\/\/enscat.org\/es\/documentos\/\" \/>\n<meta property=\"og:locale\" content=\"es_ES\" \/>\n<meta property=\"og:type\" content=\"article\" \/>\n<meta property=\"og:title\" content=\"Documentos - ENSCAT\" \/>\n<meta property=\"og:description\" content=\"Asociaci\u00f3n que promueve la Certificaci\u00f3n Forestal PEFC en fincas privadas y p\u00fablicas de los bosques de Catalu\u00f1a en al \u00e1mbito de Gesti\u00f3n Forestal Sostenible.\" \/>\n<meta property=\"og:url\" content=\"https:\/\/enscat.org\/es\/documentos\/\" \/>\n<meta property=\"og:site_name\" content=\"ENSCAT\" \/>\n<meta property=\"article:modified_time\" content=\"2023-06-13T11:41:03+00:00\" \/>\n<meta property=\"og:image\" content=\"https:\/\/enscat.org\/wp-content\/uploads\/2022\/03\/IMAENSCAT-ORG.jpg\" \/>\n\t<meta property=\"og:image:width\" content=\"1200\" \/>\n\t<meta property=\"og:image:height\" content=\"630\" \/>\n\t<meta property=\"og:image:type\" content=\"image\/jpeg\" \/>\n<meta name=\"twitter:card\" content=\"summary_large_image\" \/>\n<script type=\"application\/ld+json\" class=\"yoast-schema-graph\">{\"@context\":\"https:\\\/\\\/schema.org\",\"@graph\":[{\"@type\":\"WebPage\",\"@id\":\"https:\\\/\\\/enscat.org\\\/es\\\/documentos\\\/\",\"url\":\"https:\\\/\\\/enscat.org\\\/es\\\/documentos\\\/\",\"name\":\"Documentos - ENSCAT\",\"isPartOf\":{\"@id\":\"https:\\\/\\\/enscat.org\\\/es\\\/#website\"},\"primaryImageOfPage\":{\"@id\":\"https:\\\/\\\/enscat.org\\\/es\\\/documentos\\\/#primaryimage\"},\"image\":{\"@id\":\"https:\\\/\\\/enscat.org\\\/es\\\/documentos\\\/#primaryimage\"},\"thumbnailUrl\":\"https:\\\/\\\/enscat.org\\\/wp-content\\\/uploads\\\/2022\\\/03\\\/IMAENSCAT-ORG.jpg\",\"datePublished\":\"2022-01-19T16:36:23+00:00\",\"dateModified\":\"2023-06-13T11:41:03+00:00\",\"description\":\"Asociaci\u00f3n que promueve la Certificaci\u00f3n Forestal PEFC en fincas privadas y p\u00fablicas de los bosques de Catalu\u00f1a en al \u00e1mbito de Gesti\u00f3n Forestal Sostenible.\",\"breadcrumb\":{\"@id\":\"https:\\\/\\\/enscat.org\\\/es\\\/documentos\\\/#breadcrumb\"},\"inLanguage\":\"es\",\"potentialAction\":[{\"@type\":\"ReadAction\",\"target\":[\"https:\\\/\\\/enscat.org\\\/es\\\/documentos\\\/\"]}]},{\"@type\":\"ImageObject\",\"inLanguage\":\"es\",\"@id\":\"https:\\\/\\\/enscat.org\\\/es\\\/documentos\\\/#primaryimage\",\"url\":\"https:\\\/\\\/enscat.org\\\/wp-content\\\/uploads\\\/2022\\\/03\\\/IMAENSCAT-ORG.jpg\",\"contentUrl\":\"https:\\\/\\\/enscat.org\\\/wp-content\\\/uploads\\\/2022\\\/03\\\/IMAENSCAT-ORG.jpg\",\"width\":1200,\"height\":630},{\"@type\":\"BreadcrumbList\",\"@id\":\"https:\\\/\\\/enscat.org\\\/es\\\/documentos\\\/#breadcrumb\",\"itemListElement\":[{\"@type\":\"ListItem\",\"position\":1,\"name\":\"Portada\",\"item\":\"https:\\\/\\\/enscat.org\\\/es\\\/inicio\\\/\"},{\"@type\":\"ListItem\",\"position\":2,\"name\":\"Documentos\"}]},{\"@type\":\"WebSite\",\"@id\":\"https:\\\/\\\/enscat.org\\\/es\\\/#website\",\"url\":\"https:\\\/\\\/enscat.org\\\/es\\\/\",\"name\":\"ENSCAT\",\"description\":\"Ens Catal\u00e0 Sol\u00b7licitant de la Certificaci\u00f3 Forestal\",\"publisher\":{\"@id\":\"https:\\\/\\\/enscat.org\\\/es\\\/#organization\"},\"potentialAction\":[{\"@type\":\"SearchAction\",\"target\":{\"@type\":\"EntryPoint\",\"urlTemplate\":\"https:\\\/\\\/enscat.org\\\/es\\\/?s={search_term_string}\"},\"query-input\":{\"@type\":\"PropertyValueSpecification\",\"valueRequired\":true,\"valueName\":\"search_term_string\"}}],\"inLanguage\":\"es\"},{\"@type\":\"Organization\",\"@id\":\"https:\\\/\\\/enscat.org\\\/es\\\/#organization\",\"name\":\"Ens Catl\u00e0 Sol\u00b7licitant de la Certificaci\u00f3 Forestal\",\"url\":\"https:\\\/\\\/enscat.org\\\/es\\\/\",\"logo\":{\"@type\":\"ImageObject\",\"inLanguage\":\"es\",\"@id\":\"https:\\\/\\\/enscat.org\\\/es\\\/#\\\/schema\\\/logo\\\/image\\\/\",\"url\":\"https:\\\/\\\/enscat.org\\\/wp-content\\\/uploads\\\/2022\\\/01\\\/LogoENSCAT-color.svg\",\"contentUrl\":\"https:\\\/\\\/enscat.org\\\/wp-content\\\/uploads\\\/2022\\\/01\\\/LogoENSCAT-color.svg\",\"width\":\"1024\",\"height\":\"1024\",\"caption\":\"Ens Catl\u00e0 Sol\u00b7licitant de la Certificaci\u00f3 Forestal\"},\"image\":{\"@id\":\"https:\\\/\\\/enscat.org\\\/es\\\/#\\\/schema\\\/logo\\\/image\\\/\"}}]}<\/script>\n<!-- \/ Yoast SEO plugin. -->","yoast_head_json":{"title":"Documentos - ENSCAT","description":"Asociaci\u00f3n que promueve la Certificaci\u00f3n Forestal PEFC en fincas privadas y p\u00fablicas de los bosques de Catalu\u00f1a en al \u00e1mbito de Gesti\u00f3n Forestal Sostenible.","robots":{"index":"index","follow":"follow","max-snippet":"max-snippet:-1","max-image-preview":"max-image-preview:large","max-video-preview":"max-video-preview:-1"},"canonical":"https:\/\/enscat.org\/es\/documentos\/","og_locale":"es_ES","og_type":"article","og_title":"Documentos - ENSCAT","og_description":"Asociaci\u00f3n que promueve la Certificaci\u00f3n Forestal PEFC en fincas privadas y p\u00fablicas de los bosques de Catalu\u00f1a en al \u00e1mbito de Gesti\u00f3n Forestal Sostenible.","og_url":"https:\/\/enscat.org\/es\/documentos\/","og_site_name":"ENSCAT","article_modified_time":"2023-06-13T11:41:03+00:00","og_image":[{"width":1200,"height":630,"url":"https:\/\/enscat.org\/wp-content\/uploads\/2022\/03\/IMAENSCAT-ORG.jpg","type":"image\/jpeg"}],"twitter_card":"summary_large_image","schema":{"@context":"https:\/\/schema.org","@graph":[{"@type":"WebPage","@id":"https:\/\/enscat.org\/es\/documentos\/","url":"https:\/\/enscat.org\/es\/documentos\/","name":"Documentos - ENSCAT","isPartOf":{"@id":"https:\/\/enscat.org\/es\/#website"},"primaryImageOfPage":{"@id":"https:\/\/enscat.org\/es\/documentos\/#primaryimage"},"image":{"@id":"https:\/\/enscat.org\/es\/documentos\/#primaryimage"},"thumbnailUrl":"https:\/\/enscat.org\/wp-content\/uploads\/2022\/03\/IMAENSCAT-ORG.jpg","datePublished":"2022-01-19T16:36:23+00:00","dateModified":"2023-06-13T11:41:03+00:00","description":"Asociaci\u00f3n que promueve la Certificaci\u00f3n Forestal PEFC en fincas privadas y p\u00fablicas de los bosques de Catalu\u00f1a en al \u00e1mbito de Gesti\u00f3n Forestal Sostenible.","breadcrumb":{"@id":"https:\/\/enscat.org\/es\/documentos\/#breadcrumb"},"inLanguage":"es","potentialAction":[{"@type":"ReadAction","target":["https:\/\/enscat.org\/es\/documentos\/"]}]},{"@type":"ImageObject","inLanguage":"es","@id":"https:\/\/enscat.org\/es\/documentos\/#primaryimage","url":"https:\/\/enscat.org\/wp-content\/uploads\/2022\/03\/IMAENSCAT-ORG.jpg","contentUrl":"https:\/\/enscat.org\/wp-content\/uploads\/2022\/03\/IMAENSCAT-ORG.jpg","width":1200,"height":630},{"@type":"BreadcrumbList","@id":"https:\/\/enscat.org\/es\/documentos\/#breadcrumb","itemListElement":[{"@type":"ListItem","position":1,"name":"Portada","item":"https:\/\/enscat.org\/es\/inicio\/"},{"@type":"ListItem","position":2,"name":"Documentos"}]},{"@type":"WebSite","@id":"https:\/\/enscat.org\/es\/#website","url":"https:\/\/enscat.org\/es\/","name":"ENSCAT","description":"Ens Catal\u00e0 Sol\u00b7licitant de la Certificaci\u00f3 Forestal","publisher":{"@id":"https:\/\/enscat.org\/es\/#organization"},"potentialAction":[{"@type":"SearchAction","target":{"@type":"EntryPoint","urlTemplate":"https:\/\/enscat.org\/es\/?s={search_term_string}"},"query-input":{"@type":"PropertyValueSpecification","valueRequired":true,"valueName":"search_term_string"}}],"inLanguage":"es"},{"@type":"Organization","@id":"https:\/\/enscat.org\/es\/#organization","name":"Ens Catl\u00e0 Sol\u00b7licitant de la Certificaci\u00f3 Forestal","url":"https:\/\/enscat.org\/es\/","logo":{"@type":"ImageObject","inLanguage":"es","@id":"https:\/\/enscat.org\/es\/#\/schema\/logo\/image\/","url":"https:\/\/enscat.org\/wp-content\/uploads\/2022\/01\/LogoENSCAT-color.svg","contentUrl":"https:\/\/enscat.org\/wp-content\/uploads\/2022\/01\/LogoENSCAT-color.svg","width":"1024","height":"1024","caption":"Ens Catl\u00e0 Sol\u00b7licitant de la Certificaci\u00f3 Forestal"},"image":{"@id":"https:\/\/enscat.org\/es\/#\/schema\/logo\/image\/"}}]}},"_links":{"self":[{"href":"https:\/\/enscat.org\/es\/wp-json\/wp\/v2\/pages\/9410","targetHints":{"allow":["GET"]}}],"collection":[{"href":"https:\/\/enscat.org\/es\/wp-json\/wp\/v2\/pages"}],"about":[{"href":"https:\/\/enscat.org\/es\/wp-json\/wp\/v2\/types\/page"}],"author":[{"embeddable":true,"href":"https:\/\/enscat.org\/es\/wp-json\/wp\/v2\/users\/1"}],"replies":[{"embeddable":true,"href":"https:\/\/enscat.org\/es\/wp-json\/wp\/v2\/comments?post=9410"}],"version-history":[{"count":0,"href":"https:\/\/enscat.org\/es\/wp-json\/wp\/v2\/pages\/9410\/revisions"}],"wp:featuredmedia":[{"embeddable":true,"href":"https:\/\/enscat.org\/es\/wp-json\/wp\/v2\/media\/9375"}],"wp:attachment":[{"href":"https:\/\/enscat.org\/es\/wp-json\/wp\/v2\/media?parent=9410"}],"curies":[{"name":"wp","href":"https:\/\/api.w.org\/{rel}","templated":true}]}}