{"id":9406,"date":"2018-10-22T13:48:22","date_gmt":"2018-10-22T11:48:22","guid":{"rendered":"https:\/\/enscat-dev.pefc.cat\/contacte\/"},"modified":"2022-12-16T05:34:37","modified_gmt":"2022-12-16T04:34:37","slug":"contacto","status":"publish","type":"page","link":"https:\/\/enscat.org\/es\/contacto\/","title":{"rendered":"Contacto"},"content":{"rendered":"<div class=\"wpb-content-wrapper\"><p>[vc_row full_width=&#8221;stretch_row&#8221; css=&#8221;.vc_custom_1555664963336{margin-top: -50px !important;background-color: #f5f5f5 !important;}&#8221;][vc_column css=&#8221;.vc_custom_1555664781539{padding-right: 0px !important;padding-left: 0px !important;}&#8221;][vc_row_inner css=&#8221;.vc_custom_1648115215430{padding-top: 85px !important;padding-bottom: 50px !important;}&#8221;][vc_column_inner width=&#8221;1\/4&#8243;]<div class=\"cb-container cb-cont-left\" style=\"background-color:#fff;\" ><a href=\"url:%23|||\" target=\"\"><div class=\"cb-img-area\"><i class=\"iconsmind-Home iconsmind-Buildings-Landmarks\" style=\" \"><\/i> <\/div><div class=\"cb-text-area\">\n                    <h4 class=\"cb-heading \" >Direcci\u00f3n<\/h4><p >Ctra. de Sabadell a Sta Perp\u00e8tua, km 4,5<br \/>\nApartado de Correos 240<br \/>\n08130 Santa Perp\u00e8tua de Mogoda<\/p><\/div><\/a><\/div>[\/vc_column_inner][vc_column_inner width=&#8221;1\/4&#8243;]<div class=\"cb-container cb-cont-left\" style=\"background-color:#fff;\" ><a href=\"url:%23|||\" target=\"\"><div class=\"cb-img-area\"><i class=\"iconsmind-Phone-3 iconsmind-Desktop-apps\" style=\" \"><\/i> <\/div><div class=\"cb-text-area\">\n                    <h4 class=\"cb-heading \" >Tel\u00e9fono<\/h4><p >Tel: 935 747 039<\/p><\/div><\/a><\/div>[\/vc_column_inner][vc_column_inner width=&#8221;1\/4&#8243;]<div class=\"cb-container cb-cont-left\" style=\"background-color:#fff;\" ><a href=\"mailto: info@enscat.org\" target=\"\"><div class=\"cb-img-area\"><i class=\"iconsmind-Mail iconsmind-Emails\" style=\" \"><\/i> <\/div><div class=\"cb-text-area\">\n                    <h4 class=\"cb-heading \" >Email<\/h4><p >E-mail: info@enscat.org<\/p><\/div><\/a><\/div>[\/vc_column_inner][vc_column_inner width=&#8221;1\/4&#8243;]<div class=\"cb-container cb-cont-left\" style=\"background-color:#fff;\" ><a href=\"#mapa\" target=\"\"><div class=\"cb-img-area\"><i class=\"iconsmind-Map2 iconsmind-Maps-Locations\" style=\" \"><\/i> <\/div><div class=\"cb-text-area\">\n                    <h4 class=\"cb-heading \" >Ver Mapa<\/h4><p >Ver ubicaci\u00f3n en Google Maps<\/p><\/div><\/a><\/div>[\/vc_column_inner][\/vc_row_inner][\/vc_column][\/vc_row][vc_row kd_image_overlay_color=&#8221;rgba(67,204,67,0.12)&#8221; kd_image_overlay=&#8221;true&#8221; top_section_title=&#8221;&#8221; bottom_section_title=&#8221;&#8221;][vc_column css=&#8221;.vc_custom_1671145054320{padding-right: 0px !important;padding-left: 0px !important;}&#8221;][vc_row_inner css=&#8221;.vc_custom_1671145074563{padding-bottom: 0px !important;}&#8221;][vc_column_inner css=&#8221;.vc_custom_1648115338566{padding-bottom: 50px !important;padding-left: 15px !important;}&#8221; offset=&#8221;vc_col-lg-12 vc_col-md-12&#8243;]<header class=\"kd-section-title col-lg-12 text-left     vc_custom_1648738561001\" ><h2 class=\"separator_off\" >Cont\u00e1ctanos<\/h2><h6 class=\"subtitle \" >Para m\u00e1s informaci\u00f3n, pod\u00e9is contactar con nosotros por tel\u00e9fono, email o mediante el formulario.<\/h6><\/header>[vc_empty_space height=&#8221;10px&#8221;]<div class=\"kd-contact-form full-width-cf white-input-bg\" >\n<div class=\"wpcf7 no-js\" id=\"wpcf7-f9614-o1\" lang=\"es-ES\" dir=\"ltr\" data-wpcf7-id=\"9614\">\n<div class=\"screen-reader-response\"><p role=\"status\" aria-live=\"polite\" aria-atomic=\"true\"><\/p> <ul><\/ul><\/div>\n<form action=\"\/es\/wp-json\/wp\/v2\/pages\/9406#wpcf7-f9614-o1\" method=\"post\" class=\"wpcf7-form init\" aria-label=\"Formulario de contacto\" novalidate=\"novalidate\" data-status=\"init\">\n<fieldset class=\"hidden-fields-container\"><input type=\"hidden\" name=\"_wpcf7\" value=\"9614\" \/><input type=\"hidden\" name=\"_wpcf7_version\" value=\"6.1.5\" \/><input type=\"hidden\" name=\"_wpcf7_locale\" value=\"es_ES\" \/><input type=\"hidden\" name=\"_wpcf7_unit_tag\" value=\"wpcf7-f9614-o1\" \/><input type=\"hidden\" name=\"_wpcf7_container_post\" value=\"0\" \/><input type=\"hidden\" name=\"_wpcf7_posted_data_hash\" value=\"\" \/><input type=\"hidden\" name=\"_wpcf7_recaptcha_response\" value=\"\" \/>\n<\/fieldset>\n<p><span class=\"wpcf7-form-control-wrap\" data-name=\"your-name\"><input size=\"40\" maxlength=\"400\" class=\"wpcf7-form-control wpcf7-text wpcf7-validates-as-required\" aria-required=\"true\" aria-invalid=\"false\" placeholder=\"Nombre\" value=\"\" type=\"text\" name=\"your-name\" \/><\/span><br \/>\n<span class=\"wpcf7-form-control-wrap\" data-name=\"your-email\"><input size=\"40\" maxlength=\"400\" class=\"wpcf7-form-control wpcf7-email wpcf7-validates-as-required wpcf7-text wpcf7-validates-as-email\" aria-required=\"true\" aria-invalid=\"false\" placeholder=\"Email\" value=\"\" type=\"email\" name=\"your-email\" \/><\/span><br \/>\n<span class=\"wpcf7-form-control-wrap\" data-name=\"your-message\"><textarea cols=\"40\" rows=\"10\" maxlength=\"2000\" class=\"wpcf7-form-control wpcf7-textarea\" aria-invalid=\"false\" placeholder=\"Motivo\" name=\"your-message\"><\/textarea><\/span><br \/>\n<span class=\"wpcf7-form-control-wrap\" data-name=\"acceptance-623\"><span class=\"wpcf7-form-control wpcf7-acceptance\"><span class=\"wpcf7-list-item\"><label><input type=\"checkbox\" name=\"acceptance-623\" value=\"1\" aria-invalid=\"false\" \/><span class=\"wpcf7-list-item-label\">Estoy de acuerdo con la <a href=\"\/es\/aviso-legal-privacidad\/\" target=\"_blank\" rel=\"noopener noreferrer\">Pol\u00edtica de Privacidad<\/a> y recibir correos de ENSCAT<\/span>\n<div class=\"column one\">RESPONSABLE DEL TRATAMIENTO: ENSCAT<\/div>\n<div class=\"column one\">FINALIDAD: gesti\u00f3n de comunicaciones recibidas y env\u00edo de informaci\u00f3n sobre proyectos y productos y servicios de ENSCAT.<\/div>\n<div class=\"column one\">DERECHOS: puedes acceder, rectificar y suprimir los datos, as\u00ed como ejercitar otros derechos legales, dirigi\u00e9ndose por escrito a info@enscat.org. M\u00e1s informaci\u00f3n en nuestra <a href=\"\/es\/aviso-legal-privacidad\/\" target=\"_blank\" rel=\"noopener noreferrer\">Pol\u00edtica de Privacidad.<\/a> <\/div><\/span><\/label><\/span><\/span><\/span><br \/>\n<input class=\"wpcf7-form-control wpcf7-submit has-spinner\" type=\"submit\" value=\"Enviar Mensaje\" \/>\n<\/p><div class=\"wpcf7-response-output\" aria-hidden=\"true\"><\/div>\n<\/form>\n<\/div>\n<\/div>[\/vc_column_inner][\/vc_row_inner][\/vc_column][\/vc_row][vc_row full_width=&#8221;stretch_row&#8221; el_id=&#8221;mapa&#8221;][vc_column css=&#8221;.vc_custom_1516095665984{padding-right: 0px !important;padding-left: 0px !important;}&#8221;][vc_row_inner css=&#8221;.vc_custom_1648114623104{padding-bottom: 0px !important;}&#8221;][vc_column_inner css=&#8221;.vc_custom_1647709787849{padding-bottom: 100px !important;padding-left: 15px !important;}&#8221; offset=&#8221;vc_col-lg-12 vc_col-md-12&#8243;]<header class=\"kd-section-title col-lg-12 text-left     vc_custom_1648738581896\" ><h2 class=\"separator_off\" >Ubicaci\u00f3n<\/h2><\/header>[vc_raw_html]JTNDaWZyYW1lJTIwc3JjJTNEJTIyaHR0cHMlM0ElMkYlMkZ3d3cuZ29vZ2xlLmNvbSUyRm1hcHMlMkZlbWJlZCUzRnBiJTNEJTIxMW0xNCUyMTFtOCUyMTFtMyUyMTFkNDc3ODQuNzQ2MjYwMTMxMjE1JTIxMmQyLjE2OTQ1NiUyMTNkNDEuNTM1NzYlMjEzbTIlMjExaTEwMjQlMjEyaTc2OCUyMTRmMTMuMSUyMTNtMyUyMTFtMiUyMTFzMHgwJTI1M0EweGIxMzBhODFkOTJiZmQ1NjYlMjEyek5ESENzRE14SnpReUxqUWlUaUF5d3JBd09TYzFOUzR3SWtVJTIxNWUwJTIxM20yJTIxMXNjYSUyMTJzZXMlMjE0djE2NDgxMTM3MTYzNTYlMjE1bTIlMjExc2NhJTIxMnNlcyUyMiUyMHdpZHRoJTNEJTIyMjQwMCUyMiUyMGhlaWdodCUzRCUyMjU1MCUyMiUyMHN0eWxlJTNEJTIyYm9yZGVyJTNBMCUzQiUyMiUyMGFsbG93ZnVsbHNjcmVlbiUzRCUyMiUyMiUyMGxvYWRpbmclM0QlMjJsYXp5JTIyJTNFJTNDJTJGaWZyYW1lJTNF[\/vc_raw_html][\/vc_column_inner][\/vc_row_inner][\/vc_column][\/vc_row]<\/p>\n<\/div>","protected":false},"excerpt":{"rendered":"<p>[vc_row full_width=&#8221;stretch_row&#8221; css=&#8221;.vc_custom_1555664963336{margin-top: -50px !important;background-color: #f5f5f5 !important;}&#8221;][vc_column css=&#8221;.vc_custom_1555664781539{padding-right: 0px !important;padding-left: 0px !important;}&#8221;][vc_row_inner css=&#8221;.vc_custom_1648115215430{padding-top: 85px !important;padding-bottom: [&hellip;]<\/p>\n","protected":false},"author":1,"featured_media":7871,"parent":0,"menu_order":0,"comment_status":"closed","ping_status":"closed","template":"","meta":{"_acf_changed":false,"footnotes":""},"class_list":["post-9406","page","type-page","status-publish","has-post-thumbnail","hentry"],"acf":[],"yoast_head":"<!-- This site is optimized with the Yoast SEO plugin v27.1.1 - https:\/\/yoast.com\/product\/yoast-seo-wordpress\/ -->\n<title>Contacto - ENSCAT<\/title>\n<meta name=\"description\" content=\"D\u00f3nde est\u00e1 y como llegar a ENSCAT. Consulta aqu\u00ed nuestras formas de contacto. Ctra. de Sabadell a Sta. Perpetua, km 4,508130, Santa Perp\u00e8tua de Mogoda.\" \/>\n<meta name=\"robots\" content=\"index, follow, max-snippet:-1, max-image-preview:large, max-video-preview:-1\" \/>\n<link rel=\"canonical\" href=\"https:\/\/enscat.org\/es\/contacto\/\" \/>\n<meta property=\"og:locale\" content=\"es_ES\" \/>\n<meta property=\"og:type\" content=\"article\" \/>\n<meta property=\"og:title\" content=\"Contacto - ENSCAT\" \/>\n<meta property=\"og:description\" content=\"D\u00f3nde est\u00e1 y como llegar a ENSCAT. Consulta aqu\u00ed nuestras formas de contacto. Ctra. de Sabadell a Sta. Perpetua, km 4,508130, Santa Perp\u00e8tua de Mogoda.\" \/>\n<meta property=\"og:url\" content=\"https:\/\/enscat.org\/es\/contacto\/\" \/>\n<meta property=\"og:site_name\" content=\"ENSCAT\" \/>\n<meta property=\"article:modified_time\" content=\"2022-12-16T04:34:37+00:00\" \/>\n<meta property=\"og:image\" content=\"https:\/\/enscat.org\/wp-content\/uploads\/2022\/03\/IMAENSCAT-ORG.jpg\" \/>\n\t<meta property=\"og:image:width\" content=\"1200\" \/>\n\t<meta property=\"og:image:height\" content=\"630\" \/>\n\t<meta property=\"og:image:type\" content=\"image\/jpeg\" \/>\n<meta name=\"twitter:card\" content=\"summary_large_image\" \/>\n<meta name=\"twitter:image\" content=\"https:\/\/enscat.org\/wp-content\/uploads\/2022\/03\/IMAENSCAT-ORG.jpg\" \/>\n<script type=\"application\/ld+json\" class=\"yoast-schema-graph\">{\"@context\":\"https:\/\/schema.org\",\"@graph\":[{\"@type\":\"WebPage\",\"@id\":\"https:\/\/enscat.org\/es\/contacto\/\",\"url\":\"https:\/\/enscat.org\/es\/contacto\/\",\"name\":\"Contacto - ENSCAT\",\"isPartOf\":{\"@id\":\"https:\/\/enscat.org\/es\/#website\"},\"primaryImageOfPage\":{\"@id\":\"https:\/\/enscat.org\/es\/contacto\/#primaryimage\"},\"image\":{\"@id\":\"https:\/\/enscat.org\/es\/contacto\/#primaryimage\"},\"thumbnailUrl\":\"https:\/\/enscat.org\/wp-content\/uploads\/2022\/02\/header2.jpg\",\"datePublished\":\"2018-10-22T11:48:22+00:00\",\"dateModified\":\"2022-12-16T04:34:37+00:00\",\"description\":\"D\u00f3nde est\u00e1 y como llegar a ENSCAT. Consulta aqu\u00ed nuestras formas de contacto. Ctra. de Sabadell a Sta. Perpetua, km 4,508130, Santa Perp\u00e8tua de Mogoda.\",\"breadcrumb\":{\"@id\":\"https:\/\/enscat.org\/es\/contacto\/#breadcrumb\"},\"inLanguage\":\"es\",\"potentialAction\":[{\"@type\":\"ReadAction\",\"target\":[\"https:\/\/enscat.org\/es\/contacto\/\"]}]},{\"@type\":\"ImageObject\",\"inLanguage\":\"es\",\"@id\":\"https:\/\/enscat.org\/es\/contacto\/#primaryimage\",\"url\":\"https:\/\/enscat.org\/wp-content\/uploads\/2022\/02\/header2.jpg\",\"contentUrl\":\"https:\/\/enscat.org\/wp-content\/uploads\/2022\/02\/header2.jpg\",\"width\":2000,\"height\":1500,\"caption\":\"FOREST ENSCAT\"},{\"@type\":\"BreadcrumbList\",\"@id\":\"https:\/\/enscat.org\/es\/contacto\/#breadcrumb\",\"itemListElement\":[{\"@type\":\"ListItem\",\"position\":1,\"name\":\"Portada\",\"item\":\"https:\/\/enscat.org\/es\/inicio\/\"},{\"@type\":\"ListItem\",\"position\":2,\"name\":\"Contacto\"}]},{\"@type\":\"WebSite\",\"@id\":\"https:\/\/enscat.org\/es\/#website\",\"url\":\"https:\/\/enscat.org\/es\/\",\"name\":\"ENSCAT\",\"description\":\"Ens Catal\u00e0 Sol\u00b7licitant de la Certificaci\u00f3 Forestal\",\"publisher\":{\"@id\":\"https:\/\/enscat.org\/es\/#organization\"},\"potentialAction\":[{\"@type\":\"SearchAction\",\"target\":{\"@type\":\"EntryPoint\",\"urlTemplate\":\"https:\/\/enscat.org\/es\/?s={search_term_string}\"},\"query-input\":{\"@type\":\"PropertyValueSpecification\",\"valueRequired\":true,\"valueName\":\"search_term_string\"}}],\"inLanguage\":\"es\"},{\"@type\":\"Organization\",\"@id\":\"https:\/\/enscat.org\/es\/#organization\",\"name\":\"Ens Catl\u00e0 Sol\u00b7licitant de la Certificaci\u00f3 Forestal\",\"url\":\"https:\/\/enscat.org\/es\/\",\"logo\":{\"@type\":\"ImageObject\",\"inLanguage\":\"es\",\"@id\":\"https:\/\/enscat.org\/es\/#\/schema\/logo\/image\/\",\"url\":\"https:\/\/enscat.org\/wp-content\/uploads\/2022\/01\/LogoENSCAT-color.svg\",\"contentUrl\":\"https:\/\/enscat.org\/wp-content\/uploads\/2022\/01\/LogoENSCAT-color.svg\",\"width\":\"1024\",\"height\":\"1024\",\"caption\":\"Ens Catl\u00e0 Sol\u00b7licitant de la Certificaci\u00f3 Forestal\"},\"image\":{\"@id\":\"https:\/\/enscat.org\/es\/#\/schema\/logo\/image\/\"}}]}<\/script>\n<!-- \/ Yoast SEO plugin. -->","yoast_head_json":{"title":"Contacto - ENSCAT","description":"D\u00f3nde est\u00e1 y como llegar a ENSCAT. Consulta aqu\u00ed nuestras formas de contacto. Ctra. de Sabadell a Sta. Perpetua, km 4,508130, Santa Perp\u00e8tua de Mogoda.","robots":{"index":"index","follow":"follow","max-snippet":"max-snippet:-1","max-image-preview":"max-image-preview:large","max-video-preview":"max-video-preview:-1"},"canonical":"https:\/\/enscat.org\/es\/contacto\/","og_locale":"es_ES","og_type":"article","og_title":"Contacto - ENSCAT","og_description":"D\u00f3nde est\u00e1 y como llegar a ENSCAT. Consulta aqu\u00ed nuestras formas de contacto. Ctra. de Sabadell a Sta. Perpetua, km 4,508130, Santa Perp\u00e8tua de Mogoda.","og_url":"https:\/\/enscat.org\/es\/contacto\/","og_site_name":"ENSCAT","article_modified_time":"2022-12-16T04:34:37+00:00","og_image":[{"width":1200,"height":630,"url":"https:\/\/enscat.org\/wp-content\/uploads\/2022\/03\/IMAENSCAT-ORG.jpg","type":"image\/jpeg"}],"twitter_card":"summary_large_image","twitter_image":"https:\/\/enscat.org\/wp-content\/uploads\/2022\/03\/IMAENSCAT-ORG.jpg","schema":{"@context":"https:\/\/schema.org","@graph":[{"@type":"WebPage","@id":"https:\/\/enscat.org\/es\/contacto\/","url":"https:\/\/enscat.org\/es\/contacto\/","name":"Contacto - ENSCAT","isPartOf":{"@id":"https:\/\/enscat.org\/es\/#website"},"primaryImageOfPage":{"@id":"https:\/\/enscat.org\/es\/contacto\/#primaryimage"},"image":{"@id":"https:\/\/enscat.org\/es\/contacto\/#primaryimage"},"thumbnailUrl":"https:\/\/enscat.org\/wp-content\/uploads\/2022\/02\/header2.jpg","datePublished":"2018-10-22T11:48:22+00:00","dateModified":"2022-12-16T04:34:37+00:00","description":"D\u00f3nde est\u00e1 y como llegar a ENSCAT. Consulta aqu\u00ed nuestras formas de contacto. Ctra. de Sabadell a Sta. Perpetua, km 4,508130, Santa Perp\u00e8tua de Mogoda.","breadcrumb":{"@id":"https:\/\/enscat.org\/es\/contacto\/#breadcrumb"},"inLanguage":"es","potentialAction":[{"@type":"ReadAction","target":["https:\/\/enscat.org\/es\/contacto\/"]}]},{"@type":"ImageObject","inLanguage":"es","@id":"https:\/\/enscat.org\/es\/contacto\/#primaryimage","url":"https:\/\/enscat.org\/wp-content\/uploads\/2022\/02\/header2.jpg","contentUrl":"https:\/\/enscat.org\/wp-content\/uploads\/2022\/02\/header2.jpg","width":2000,"height":1500,"caption":"FOREST ENSCAT"},{"@type":"BreadcrumbList","@id":"https:\/\/enscat.org\/es\/contacto\/#breadcrumb","itemListElement":[{"@type":"ListItem","position":1,"name":"Portada","item":"https:\/\/enscat.org\/es\/inicio\/"},{"@type":"ListItem","position":2,"name":"Contacto"}]},{"@type":"WebSite","@id":"https:\/\/enscat.org\/es\/#website","url":"https:\/\/enscat.org\/es\/","name":"ENSCAT","description":"Ens Catal\u00e0 Sol\u00b7licitant de la Certificaci\u00f3 Forestal","publisher":{"@id":"https:\/\/enscat.org\/es\/#organization"},"potentialAction":[{"@type":"SearchAction","target":{"@type":"EntryPoint","urlTemplate":"https:\/\/enscat.org\/es\/?s={search_term_string}"},"query-input":{"@type":"PropertyValueSpecification","valueRequired":true,"valueName":"search_term_string"}}],"inLanguage":"es"},{"@type":"Organization","@id":"https:\/\/enscat.org\/es\/#organization","name":"Ens Catl\u00e0 Sol\u00b7licitant de la Certificaci\u00f3 Forestal","url":"https:\/\/enscat.org\/es\/","logo":{"@type":"ImageObject","inLanguage":"es","@id":"https:\/\/enscat.org\/es\/#\/schema\/logo\/image\/","url":"https:\/\/enscat.org\/wp-content\/uploads\/2022\/01\/LogoENSCAT-color.svg","contentUrl":"https:\/\/enscat.org\/wp-content\/uploads\/2022\/01\/LogoENSCAT-color.svg","width":"1024","height":"1024","caption":"Ens Catl\u00e0 Sol\u00b7licitant de la Certificaci\u00f3 Forestal"},"image":{"@id":"https:\/\/enscat.org\/es\/#\/schema\/logo\/image\/"}}]}},"_links":{"self":[{"href":"https:\/\/enscat.org\/es\/wp-json\/wp\/v2\/pages\/9406","targetHints":{"allow":["GET"]}}],"collection":[{"href":"https:\/\/enscat.org\/es\/wp-json\/wp\/v2\/pages"}],"about":[{"href":"https:\/\/enscat.org\/es\/wp-json\/wp\/v2\/types\/page"}],"author":[{"embeddable":true,"href":"https:\/\/enscat.org\/es\/wp-json\/wp\/v2\/users\/1"}],"replies":[{"embeddable":true,"href":"https:\/\/enscat.org\/es\/wp-json\/wp\/v2\/comments?post=9406"}],"version-history":[{"count":0,"href":"https:\/\/enscat.org\/es\/wp-json\/wp\/v2\/pages\/9406\/revisions"}],"wp:featuredmedia":[{"embeddable":true,"href":"https:\/\/enscat.org\/es\/wp-json\/wp\/v2\/media\/7871"}],"wp:attachment":[{"href":"https:\/\/enscat.org\/es\/wp-json\/wp\/v2\/media?parent=9406"}],"curies":[{"name":"wp","href":"https:\/\/api.w.org\/{rel}","templated":true}]}}