{"id":9404,"date":"2022-03-10T23:17:29","date_gmt":"2022-03-10T22:17:29","guid":{"rendered":"https:\/\/enscat-dev.pefc.cat\/avis-legal-privacitat\/"},"modified":"2022-04-01T13:05:16","modified_gmt":"2022-04-01T11:05:16","slug":"aviso-legal-privacidad","status":"publish","type":"page","link":"https:\/\/enscat.org\/es\/aviso-legal-privacidad\/","title":{"rendered":"Aviso Legal y Pol\u00edtica de Privacidad"},"content":{"rendered":"<div class=\"wpb-content-wrapper\"><p>[vc_row css=&#8221;.vc_custom_1648113592822{padding-top: 0px !important;}&#8221; el_id=&#8221;av\u00eds-legal&#8221;][vc_column][vc_column_text]<\/p>\n<h2 style=\"text-align: center;\"><strong>AVISO LEGAL<\/strong><\/h2>\n<p>El presente documento tiene como finalidad el establecer y regular las normas de uso de este portal web, entendiendo por \u00e9ste todas las p\u00e1ginas y sus contenidos propiedad de ENSCAT, a las cuales se accede a trav\u00e9s del dominio <a href=\"https:\/\/www.enscat.org\">https:\/\/www.enscat.org<\/a><\/p>\n<p>&nbsp;<\/p>\n<p>La utilizaci\u00f3n del portal web atribuye la condici\u00f3n de usuario del mismo e implica la aceptaci\u00f3n de todas las condiciones incluidas en el presente Aviso Legal. El usuario se compromete a leer atentamente el presente Aviso Legal en cada una de las ocasiones en que se proponga utilizar nuestro portal web ya que \u00e9ste y sus condiciones de uso recogidas en el presente Aviso Legal pueden sufrir modificaciones.<\/p>\n<p>&nbsp;<\/p>\n<h3><strong>DATOS IDENTIFICATIVOS:<\/strong><\/h3>\n<p>En cumplimiento con el deber de informaci\u00f3n recogido en art\u00edculo 10 de la Ley 34\/2002, de 11 de julio, de Servicios de la Sociedad de la Informaci\u00f3n y del Comercio Electr\u00f3nico, a continuaci\u00f3n, se reflejan los siguientes datos:<\/p>\n<p>El titular del presente Sitio es:<\/p>\n<p>ENSCAT<\/p>\n<p>Ctra. de Sabadell a Sta. Perp\u00e8tua, km 4,5<\/p>\n<p>Apartat de correus 240<\/p>\n<p>08130 Santa Perp\u00e8tua de Mogoda<\/p>\n<p>CIF: G30034201<\/p>\n<p>Tel\u00e9fono: 93 574 70 39<\/p>\n<p>e-mail:\u00a0<a href=\"mailto:info@enscat.org\">info@enscat.org<\/a><\/p>\n<p>&nbsp;<\/p>\n<h3><strong>USUARIOS:<\/strong><\/h3>\n<p>El acceso y\/o uso de este portal atribuye la condici\u00f3n de usuario, que acepta, desde dicho acceso y\/o uso, las Condiciones Generales de Uso aqu\u00ed reflejadas. Las citadas Condiciones ser\u00e1n de aplicaci\u00f3n independientemente de las Condiciones Generales de Contrataci\u00f3n que en su caso resulten de obligado cumplimiento.<\/p>\n<p>&nbsp;<\/p>\n<h3><strong>USO DEL PORTAL:<\/strong><\/h3>\n<p>Este portal proporciona el acceso a diversas informaciones, productos, servicios, o datos (en adelante, &#8220;los contenidos&#8221;) pertenecientes a ENSCAT o a sus licenciantes a los que el usuario pueda tener acceso. El usuario asume la responsabilidad del uso del portal. Dicha responsabilidad se extiende al registro que fuese necesario para acceder a determinados servicios o contenidos, posibilitar la contrataci\u00f3n de nuestros servicios, suscripci\u00f3n a boletines, novedades, etc. En dicho registro el usuario ser\u00e1 responsable de aportar informaci\u00f3n veraz y l\u00edcita.<\/p>\n<p>&nbsp;<\/p>\n<p>Quedan prohibidos todos los actos que vulneren la legalidad, derechos o intereses de terceros: derecho a la intimidad, protecci\u00f3n de datos, propiedad intelectual, etc. Expresamente, ENSCAT proh\u00edbe los siguientes:<\/p>\n<ul>\n<li>Realizar acciones que puedan producir,en el sitio web o a trav\u00e9s del mismo, por cualquier medio, cualquier tipo de da\u00f1o a los sistemas de ENSCAT o de terceros.<\/li>\n<li>Realizar sin la debida autorizaci\u00f3n, cualquier tipo de publicidad o informaci\u00f3n comercial directamente o de forma encubierta, el env\u00edo de correos masivos (&#8220;spaming&#8221;) o env\u00edo de grandes mensajes con el fin de bloquear los servidores de la red (&#8220;mail bombing&#8221;).<\/li>\n<\/ul>\n<p>&nbsp;<\/p>\n<h3><strong>PROPIEDAD INTELECTUAL E INDUSTRIAL:<\/strong><\/h3>\n<p>ENSCAT por s\u00ed o como cesionaria, es titular de todos los derechos de propiedad intelectual e industrial de su p\u00e1gina web, as\u00ed como de los elementos contenidos en la misma (a t\u00edtulo enunciativo, im\u00e1genes, sonido, audio, v\u00eddeo, software o textos; marcas o logotipos, combinaciones de colores, estructura y dise\u00f1o, selecci\u00f3n de materiales usados, programas de ordenador necesarios para su funcionamiento, acceso y uso, etc.).<\/p>\n<p>En virtud de lo dispuesto en los art\u00edculos 8 y 32.1, p\u00e1rrafo segundo, de la Ley de Propiedad Intelectual, quedan expresamente prohibidas la reproducci\u00f3n, la distribuci\u00f3n y la comunicaci\u00f3n p\u00fablica, incluida su modalidad de puesta a disposici\u00f3n, de la totalidad o parte de los contenidos de esta p\u00e1gina web, con fines comerciales, en cualquier soporte y por cualquier medio t\u00e9cnico, sin la autorizaci\u00f3n de\u00a0\u00a0 ENSCAT.<\/p>\n<p>El usuario se compromete a respetar los derechos de Propiedad Intelectual e Industrial titularidad de ENSCAT.<\/p>\n<p>&nbsp;<\/p>\n<h3><strong>EXCLUSI\u00d3N DE GARANT\u00cdAS Y RESPONSABILIDAD:<\/strong><\/h3>\n<p>ENSCAT no se hace responsable, en ning\u00fan caso, de los da\u00f1os y perjuicios de cualquier naturaleza que pudieran ocasionar, a t\u00edtulo enunciativo: errores u omisiones en los contenidos, falta de disponibilidad del portal o la transmisi\u00f3n de virus o programas maliciosos o lesivos en los contenidos, a pesar de haber adoptado todas las medidas tecnol\u00f3gicas necesarias para evitarlo.<\/p>\n<p>&nbsp;<\/p>\n<h3><strong>MODIFICACI\u00d3N DE LAS PRESENTES CONDICIONES:<\/strong><\/h3>\n<p>ENSCAT se reserva el derecho de efectuar, sin previo aviso, las modificaciones que considere oportunas en su portal, pudiendo cambiar, suprimir o a\u00f1adir tanto los contenidos y servicios que se presten a trav\u00e9s de la misma como la forma en la que \u00e9stos aparezcan presentados o localizados en su portal, por lo que se recomienda la lectura de las Condiciones de Uso en cada proceso de compra o visita a la web.<\/p>\n<p>&nbsp;<\/p>\n<h3><strong>ENLACES:<\/strong><\/h3>\n<p>En el caso de que, en nombre del dominio, se dispusiesen enlaces o hiperv\u00ednculos hacia otros sitios de Internet, ENSCAT no ejercer\u00e1 ning\u00fan tipo de control sobre dichos sitios y contenidos. En ning\u00fan caso ENSCAT asumir\u00e1 responsabilidad alguna por los contenidos de alg\u00fan enlace perteneciente a un sitio web ajeno, ni garantizar\u00e1 la disponibilidad t\u00e9cnica, calidad, fiabilidad, exactitud, amplitud, veracidad, validez y constitucionalidad de cualquier material o informaci\u00f3n contenida en ninguno de dichos hiperv\u00ednculos u otros sitios de Internet. Igualmente, la inclusi\u00f3n de estas conexiones externas no implicar\u00e1 ning\u00fan tipo de asociaci\u00f3n, fusi\u00f3n o participaci\u00f3n con las entidades conectadas.<\/p>\n<p>&nbsp;<\/p>\n<h3><strong>DERECHO DE EXCLUSI\u00d3N:<\/strong><\/h3>\n<p>ENSCAT se reserva el derecho a denegar o retirar el acceso al portal y\/o los servicios ofrecidos, sin necesidad de preaviso, a instancia propia o de un tercero, a aquellos usuarios que incumplan las presentes Condiciones Generales de Uso.<\/p>\n<p>&nbsp;<\/p>\n<h3><strong>GENERALIDADES:<\/strong><\/h3>\n<p>ENSCAT perseguir\u00e1 el incumplimiento de las presentes condiciones, as\u00ed como cualquier utilizaci\u00f3n indebida de su portal ejerciendo todas las acciones civiles y penales que le puedan corresponder en derecho.<\/p>\n<p>&nbsp;<\/p>\n<h3><strong>LEGISLACI\u00d3N APLICABLE Y JURISDICCI\u00d3N:<\/strong><\/h3>\n<p>La relaci\u00f3n entre ENSCAT\u00a0 y el usuario se regir\u00e1 por la normativa espa\u00f1ola vigente y cualquier controversia se someter\u00e1 a los Juzgados y Tribunales que estipule la ley.[\/vc_column_text][vc_separator border_width=&#8221;2&#8243; el_width=&#8221;70&#8243; css=&#8221;.vc_custom_1648113464312{padding-top: 50px !important;padding-bottom: 50px !important;}&#8221;][\/vc_column][\/vc_row][vc_row css=&#8221;.vc_custom_1648113614044{padding-top: 0px !important;}&#8221; el_id=&#8221;politica-privacitat&#8221;][vc_column][vc_column_text]<\/p>\n<h2 style=\"text-align: center;\"><span style=\"color: #000000;\"><b>POL\u00cdTICA DE PRIVACIDAD Y PROTECCI\u00d3N DE DATOS<\/b><\/span><\/h2>\n<p>Informaci\u00f3n adicional y detallada sobre el uso de sus datos de car\u00e1cter personal<\/p>\n<h3><strong>\u00bfQUI\u00c9N ES EL RESPONSABLE DEL TRATAMIENTO DE SUS DATOS?<\/strong><\/h3>\n<p><strong>\u00a0<\/strong>ENSCAT<\/p>\n<p>Ctra. de Sabadell a Sta. Perp\u00e8tua, km 4,5<\/p>\n<p>Apartat de correus 240<\/p>\n<p>08130 Santa Perp\u00e8tua de Mogoda<\/p>\n<p>CIF: G30034201<\/p>\n<p>Tel\u00e9fono: 93 574 70 39<\/p>\n<p>e-mail:\u00a0<a href=\"mailto:info@enscat.org\">info@enscat.org<\/a><\/p>\n<p>Responsable de Seguridad o Delegado de Protecci\u00f3n de Datos en su caso:<\/p>\n<p>ENSCAT.<\/p>\n<p>&nbsp;<\/p>\n<h3><strong>\u00bfCON QU\u00c9 FINALIDAD TRATAMOS SUS DATOS PERSONALES?<\/strong><\/h3>\n<p><strong>\u00a0<\/strong>Tratamos los datos personales que nos facilite con las siguientes finalidades:<\/p>\n<ol>\n<li>Cumplir con el deber de informaci\u00f3n y obtenci\u00f3n de consentimientos requeridos por la nueva normativa europea de protecci\u00f3n de datos de car\u00e1cter personal.<\/li>\n<li>GESTI\u00d3N DE LOS ASOCIADOS CON RELACI\u00d3N A LAS ACTIVIDADES VINCULADAS A LA PROMOCI\u00d3N Y EL DESARROLLO DE LA GESTI\u00d3N FORESTAL SOSTENIBLE, AS\u00cd COMO EL ENV\u00cdO DE NOTICIAS Y PUBLICACIONES RELACIONADAS CON EL SECTOR.<\/li>\n<li>El env\u00edo de comunicaciones comerciales de nuestros productos o servicios, salvo que usted manifieste su voluntad en contra por cualquier medio. En cualquier caso, la autorizaci\u00f3n para tratar sus datos con este fin es voluntaria y su negativa s\u00f3lo tendr\u00eda como consecuencia el hecho de que usted no recibir\u00eda ofertas comerciales de nuestros productos o servicios.<\/li>\n<\/ol>\n<p><strong>\u00a0<\/strong><\/p>\n<h3><strong>\u00bfQU\u00c9 DATOS TRATAMOS?<\/strong><\/h3>\n<p><strong>\u00a0<\/strong>En el marco de la prestaci\u00f3n de los servicios que ofrece nuestra entidad, y condicionado a las finalidades consentidas por usted, nuestra entidad \u00fanicamente\u00a0 \u00a0<span style=\"text-decoration: line-through;\">se<\/span> tratar\u00e1<span style=\"text-decoration: line-through;\">n<\/span> los datos estrictamente necesarios para la correcta gesti\u00f3n de la relaci\u00f3n contractual y\/o prestaci\u00f3n de los servicios, y ser\u00e1 exclusivamente los que usted nos haya facilitado.<\/p>\n<p><strong>\u00a0<\/strong><\/p>\n<h3><strong>\u00bfDURANTE CU\u00c1NTO TIEMPO TRATAREMOS SUS DATOS?<\/strong><\/h3>\n<p><strong>\u00a0<\/strong>Los datos personales que nos proporciones ser\u00e1n conservados mientras se mantenga la relaci\u00f3n contractual\/mercantil vigente, o bien durante un plazo de cuatro a\u00f1os a partir de la \u00faltima relaci\u00f3n negocial siguiendo la normativa a efectos fiscales.<\/p>\n<p>No obstante, nuestra entidad seguir\u00e1 conservando su informaci\u00f3n para el env\u00edo de comunicaciones comerciales que consideremos sea de su inter\u00e9s, mientras no se solicite su supresi\u00f3n por el interesado.<\/p>\n<p>Siempre podr\u00e1 ejercitar los derechos que le reconoce la normativa vigente poni\u00e9ndose en contacto a trav\u00e9s de la v\u00eda que le sea m\u00e1s c\u00f3moda.<\/p>\n<p><strong>\u00a0<\/strong><\/p>\n<h3><strong>\u00bfCU\u00c1L ES LA LEGITIMACI\u00d3N PARA EL TRATAMIENTO DE SUS DATOS?<\/strong><\/h3>\n<p><strong>\u00a0<\/strong>La base legal para el tratamiento de sus datos es la ejecuci\u00f3n del contrato de servicios necesario para la realizaci\u00f3n de la operaci\u00f3n negocial o bien esta legitimaci\u00f3n est\u00e1 otorgada por su consentimiento expreso como propio y principal interesado.<\/p>\n<p><strong>\u00a0<\/strong><\/p>\n<h3><strong>\u00a0<\/strong><strong>\u00bfA QU\u00c9 DESTINATARIOS SE COMUNICAR\u00c1N SUS DATOS?<\/strong><\/h3>\n<p><strong>\u00a0<\/strong>No se comunicar\u00e1n sus datos a ning\u00fan tercero, salvo obligaciones legales vigentes. En todo caso que cambie esta posibilidad se le informar\u00e1 debidamente solicitando su consentimiento para dicha cesi\u00f3n. Le informamos que tampoco se realizar\u00e1n transferencias internacionales.<\/p>\n<p>Se informa al Usuario de que, para la correcta prestaci\u00f3n de los servicios (v\u00e9ase, alojamiento web, soporte, email marketing, etc.), distintos prestadores de servicios contratados por nuestra entidad (encargados del tratamiento) podr\u00edan tener acceso a la informaci\u00f3n personal necesaria para realizar sus funciones.<\/p>\n<p>Estos servicios prestados por terceros son necesarios para el desarrollo de nuestra actividad y, en todo momento, el tratamiento de los datos que lleven a cabo se rige por un contrato que vincula al encargado respecto a nuestra entidad. En ning\u00fan caso utilizar\u00e1n la informaci\u00f3n para otros fines y la tratar\u00e1n de conformidad con las directrices estipuladas por nuestra entidad, acordes a su pol\u00edtica de privacidad y a la normativa vigente en materia de protecci\u00f3n de datos.<\/p>\n<p>Nuestra entidad en su compromiso con la privacidad y protecci\u00f3n de datos del Usuario, elegir\u00e1 \u00fanicamente prestadores de servicio que ofrezcan las garant\u00edas suficientes para aplicar medidas t\u00e9cnicas y organizativas apropiadas, de manera que el tratamiento sea conforme la legislaci\u00f3n aplicable en materia de protecci\u00f3n de datos y garanticen la protecci\u00f3n de los derechos del Usuario.<\/p>\n<p><strong>\u00a0<\/strong><strong>\u00a0<\/strong><strong>\u00a0<\/strong><\/p>\n<h3><strong>\u00bfCU\u00c1LES SON SUS DERECHOS CUANDO NOS FACILITA SUS DATOS?<\/strong><\/h3>\n<p>Cualquier persona tiene derecho a obtener confirmaci\u00f3n sobre si estamos tratando datos personales que les conciernan o no. En este sentido, usted tiene derecho a solicitar:<\/p>\n<ul>\n<li><strong>Acceso<\/strong>. &#8211; El interesado tendr\u00e1 derecho a obtener del responsable del tratamiento confirmaci\u00f3n de si se est\u00e1n tratando o no los datos que le conciernan, as\u00ed como informaci\u00f3n detallada acerca de determinados aspectos del tratamiento que se est\u00e9 llevando a cabo.<\/li>\n<li><strong>Rectificaci\u00f3n<\/strong>. &#8211; El interesado tendr\u00e1 derecho a obtener la rectificaci\u00f3n de los datos personales inexactos que le concierne o que se completen aquellos que fueran incompletos.<\/li>\n<li><strong>Supresi\u00f3n<\/strong>. &#8211; El interesado tendr\u00e1 derecho a solicitar la supresi\u00f3n de sus datos personales, en todo caso la supresi\u00f3n estar\u00e1 sujeta a los l\u00edmites establecidos en la norma reguladora.<\/li>\n<li><strong>Limitaci\u00f3n de su tratamiento<\/strong>. &#8211; El interesado tendr\u00e1 derecho a solicitar la limitaci\u00f3n respecto al tratamiento de sus datos de car\u00e1cter personal.<\/li>\n<li><strong>Oposici\u00f3n al tratamiento<\/strong>. &#8211; En determinadas circunstancias y por motivos relacionados con su situaci\u00f3n particular, los interesados podr\u00e1n oponerse al tratamiento de sus datos. La entidad dejar\u00e1 de tratar los datos, salvo por motivos leg\u00edtimos, imperiosos, o el ejercicio o la defensa de posibles reclamaciones.<\/li>\n<li><strong>Derecho a la portabilidad de sus datos<\/strong>. &#8211; Es decir, tendr\u00e1 derecho a recibir los datos personales que le incumban, que haya facilitado a un responsable del tratamiento, en un formato estructurado, de uso com\u00fan y lectura mec\u00e1nica y a transmitirlos a otro responsable del tratamiento.<\/li>\n<\/ul>\n<p>&nbsp;<\/p>\n<p>Podr\u00e1 ejercer los referidos derechos, dirigi\u00e9ndose al responsable. Para ello, puede utilizar los datos de contacto facilitados al inicio del presente documento. Si desea obtener informaci\u00f3n adicional respecto al ejercicio de sus derechos, tambi\u00e9n puede dirigirse a la Agencia Espa\u00f1ola de Protecci\u00f3n de Datos.<\/p>\n<p>Asimismo, le informamos que, si lo cree oportuno, tiene el derecho a retirar, en cualquier momento, el consentimiento otorgado para alguna finalidad espec\u00edfica, sin que ello afecte a la licitud del tratamiento, basado en el consentimiento previo a su retirada. En caso de que entendiera que no se han atendido adecuadamente sus derechos, podr\u00e1 presentar una reclamaci\u00f3n ante la Agencia Espa\u00f1ola de Protecci\u00f3n de Datos. C\/ Jorge Juan, 6. 28001 \u2013 Madrid. www.agpd.es.[\/vc_column_text][\/vc_column][\/vc_row]<\/p>\n<\/div>","protected":false},"excerpt":{"rendered":"<p>[vc_row css=&#8221;.vc_custom_1648113592822{padding-top: 0px !important;}&#8221; el_id=&#8221;av\u00eds-legal&#8221;][vc_column][vc_column_text] AVISO LEGAL El presente documento tiene como finalidad el establecer [&hellip;]<\/p>\n","protected":false},"author":1,"featured_media":0,"parent":0,"menu_order":0,"comment_status":"closed","ping_status":"closed","template":"","meta":{"_acf_changed":false,"footnotes":""},"class_list":["post-9404","page","type-page","status-publish","hentry"],"acf":[],"yoast_head":"<!-- This site is optimized with the Yoast SEO plugin v27.1.1 - https:\/\/yoast.com\/product\/yoast-seo-wordpress\/ -->\n<title>Aviso Legal y Pol\u00edtica de Privacidad - ENSCAT<\/title>\n<meta name=\"description\" content=\"Consulta el Aviso Legal y la Pol\u00edtica de Privacidad de la web de ENSCAT (enscat.org)\" \/>\n<meta name=\"robots\" content=\"index, follow, max-snippet:-1, max-image-preview:large, max-video-preview:-1\" \/>\n<link rel=\"canonical\" href=\"https:\/\/enscat.org\/es\/aviso-legal-privacidad\/\" \/>\n<meta property=\"og:locale\" content=\"es_ES\" \/>\n<meta property=\"og:type\" content=\"article\" \/>\n<meta property=\"og:title\" content=\"Aviso Legal y Pol\u00edtica de Privacidad - ENSCAT\" \/>\n<meta property=\"og:description\" content=\"Consulta el Aviso Legal y la Pol\u00edtica de Privacidad de la web de ENSCAT (enscat.org)\" \/>\n<meta property=\"og:url\" content=\"https:\/\/enscat.org\/es\/aviso-legal-privacidad\/\" \/>\n<meta property=\"og:site_name\" content=\"ENSCAT\" \/>\n<meta property=\"article:modified_time\" content=\"2022-04-01T11:05:16+00:00\" \/>\n<meta name=\"twitter:card\" content=\"summary_large_image\" \/>\n<script type=\"application\/ld+json\" class=\"yoast-schema-graph\">{\"@context\":\"https:\/\/schema.org\",\"@graph\":[{\"@type\":\"WebPage\",\"@id\":\"https:\/\/enscat.org\/es\/aviso-legal-privacidad\/\",\"url\":\"https:\/\/enscat.org\/es\/aviso-legal-privacidad\/\",\"name\":\"Aviso Legal y Pol\u00edtica de Privacidad - ENSCAT\",\"isPartOf\":{\"@id\":\"https:\/\/enscat.org\/es\/#website\"},\"datePublished\":\"2022-03-10T22:17:29+00:00\",\"dateModified\":\"2022-04-01T11:05:16+00:00\",\"description\":\"Consulta el Aviso Legal y la Pol\u00edtica de Privacidad de la web de ENSCAT (enscat.org)\",\"breadcrumb\":{\"@id\":\"https:\/\/enscat.org\/es\/aviso-legal-privacidad\/#breadcrumb\"},\"inLanguage\":\"es\",\"potentialAction\":[{\"@type\":\"ReadAction\",\"target\":[\"https:\/\/enscat.org\/es\/aviso-legal-privacidad\/\"]}]},{\"@type\":\"BreadcrumbList\",\"@id\":\"https:\/\/enscat.org\/es\/aviso-legal-privacidad\/#breadcrumb\",\"itemListElement\":[{\"@type\":\"ListItem\",\"position\":1,\"name\":\"Portada\",\"item\":\"https:\/\/enscat.org\/es\/inicio\/\"},{\"@type\":\"ListItem\",\"position\":2,\"name\":\"Aviso Legal y Pol\u00edtica de Privacidad\"}]},{\"@type\":\"WebSite\",\"@id\":\"https:\/\/enscat.org\/es\/#website\",\"url\":\"https:\/\/enscat.org\/es\/\",\"name\":\"ENSCAT\",\"description\":\"Ens Catal\u00e0 Sol\u00b7licitant de la Certificaci\u00f3 Forestal\",\"publisher\":{\"@id\":\"https:\/\/enscat.org\/es\/#organization\"},\"potentialAction\":[{\"@type\":\"SearchAction\",\"target\":{\"@type\":\"EntryPoint\",\"urlTemplate\":\"https:\/\/enscat.org\/es\/?s={search_term_string}\"},\"query-input\":{\"@type\":\"PropertyValueSpecification\",\"valueRequired\":true,\"valueName\":\"search_term_string\"}}],\"inLanguage\":\"es\"},{\"@type\":\"Organization\",\"@id\":\"https:\/\/enscat.org\/es\/#organization\",\"name\":\"Ens Catl\u00e0 Sol\u00b7licitant de la Certificaci\u00f3 Forestal\",\"url\":\"https:\/\/enscat.org\/es\/\",\"logo\":{\"@type\":\"ImageObject\",\"inLanguage\":\"es\",\"@id\":\"https:\/\/enscat.org\/es\/#\/schema\/logo\/image\/\",\"url\":\"https:\/\/enscat.org\/wp-content\/uploads\/2022\/01\/LogoENSCAT-color.svg\",\"contentUrl\":\"https:\/\/enscat.org\/wp-content\/uploads\/2022\/01\/LogoENSCAT-color.svg\",\"width\":\"1024\",\"height\":\"1024\",\"caption\":\"Ens Catl\u00e0 Sol\u00b7licitant de la Certificaci\u00f3 Forestal\"},\"image\":{\"@id\":\"https:\/\/enscat.org\/es\/#\/schema\/logo\/image\/\"}}]}<\/script>\n<!-- \/ Yoast SEO plugin. -->","yoast_head_json":{"title":"Aviso Legal y Pol\u00edtica de Privacidad - ENSCAT","description":"Consulta el Aviso Legal y la Pol\u00edtica de Privacidad de la web de ENSCAT (enscat.org)","robots":{"index":"index","follow":"follow","max-snippet":"max-snippet:-1","max-image-preview":"max-image-preview:large","max-video-preview":"max-video-preview:-1"},"canonical":"https:\/\/enscat.org\/es\/aviso-legal-privacidad\/","og_locale":"es_ES","og_type":"article","og_title":"Aviso Legal y Pol\u00edtica de Privacidad - ENSCAT","og_description":"Consulta el Aviso Legal y la Pol\u00edtica de Privacidad de la web de ENSCAT (enscat.org)","og_url":"https:\/\/enscat.org\/es\/aviso-legal-privacidad\/","og_site_name":"ENSCAT","article_modified_time":"2022-04-01T11:05:16+00:00","twitter_card":"summary_large_image","schema":{"@context":"https:\/\/schema.org","@graph":[{"@type":"WebPage","@id":"https:\/\/enscat.org\/es\/aviso-legal-privacidad\/","url":"https:\/\/enscat.org\/es\/aviso-legal-privacidad\/","name":"Aviso Legal y Pol\u00edtica de Privacidad - ENSCAT","isPartOf":{"@id":"https:\/\/enscat.org\/es\/#website"},"datePublished":"2022-03-10T22:17:29+00:00","dateModified":"2022-04-01T11:05:16+00:00","description":"Consulta el Aviso Legal y la Pol\u00edtica de Privacidad de la web de ENSCAT (enscat.org)","breadcrumb":{"@id":"https:\/\/enscat.org\/es\/aviso-legal-privacidad\/#breadcrumb"},"inLanguage":"es","potentialAction":[{"@type":"ReadAction","target":["https:\/\/enscat.org\/es\/aviso-legal-privacidad\/"]}]},{"@type":"BreadcrumbList","@id":"https:\/\/enscat.org\/es\/aviso-legal-privacidad\/#breadcrumb","itemListElement":[{"@type":"ListItem","position":1,"name":"Portada","item":"https:\/\/enscat.org\/es\/inicio\/"},{"@type":"ListItem","position":2,"name":"Aviso Legal y Pol\u00edtica de Privacidad"}]},{"@type":"WebSite","@id":"https:\/\/enscat.org\/es\/#website","url":"https:\/\/enscat.org\/es\/","name":"ENSCAT","description":"Ens Catal\u00e0 Sol\u00b7licitant de la Certificaci\u00f3 Forestal","publisher":{"@id":"https:\/\/enscat.org\/es\/#organization"},"potentialAction":[{"@type":"SearchAction","target":{"@type":"EntryPoint","urlTemplate":"https:\/\/enscat.org\/es\/?s={search_term_string}"},"query-input":{"@type":"PropertyValueSpecification","valueRequired":true,"valueName":"search_term_string"}}],"inLanguage":"es"},{"@type":"Organization","@id":"https:\/\/enscat.org\/es\/#organization","name":"Ens Catl\u00e0 Sol\u00b7licitant de la Certificaci\u00f3 Forestal","url":"https:\/\/enscat.org\/es\/","logo":{"@type":"ImageObject","inLanguage":"es","@id":"https:\/\/enscat.org\/es\/#\/schema\/logo\/image\/","url":"https:\/\/enscat.org\/wp-content\/uploads\/2022\/01\/LogoENSCAT-color.svg","contentUrl":"https:\/\/enscat.org\/wp-content\/uploads\/2022\/01\/LogoENSCAT-color.svg","width":"1024","height":"1024","caption":"Ens Catl\u00e0 Sol\u00b7licitant de la Certificaci\u00f3 Forestal"},"image":{"@id":"https:\/\/enscat.org\/es\/#\/schema\/logo\/image\/"}}]}},"_links":{"self":[{"href":"https:\/\/enscat.org\/es\/wp-json\/wp\/v2\/pages\/9404","targetHints":{"allow":["GET"]}}],"collection":[{"href":"https:\/\/enscat.org\/es\/wp-json\/wp\/v2\/pages"}],"about":[{"href":"https:\/\/enscat.org\/es\/wp-json\/wp\/v2\/types\/page"}],"author":[{"embeddable":true,"href":"https:\/\/enscat.org\/es\/wp-json\/wp\/v2\/users\/1"}],"replies":[{"embeddable":true,"href":"https:\/\/enscat.org\/es\/wp-json\/wp\/v2\/comments?post=9404"}],"version-history":[{"count":0,"href":"https:\/\/enscat.org\/es\/wp-json\/wp\/v2\/pages\/9404\/revisions"}],"wp:attachment":[{"href":"https:\/\/enscat.org\/es\/wp-json\/wp\/v2\/media?parent=9404"}],"curies":[{"name":"wp","href":"https:\/\/api.w.org\/{rel}","templated":true}]}}